{"id":781,"date":"2023-10-06T14:36:26","date_gmt":"2023-10-06T17:36:26","guid":{"rendered":"https:\/\/redealis.com.br\/integralis\/?page_id=781"},"modified":"2023-10-06T14:36:26","modified_gmt":"2023-10-06T17:36:26","slug":"trabalhe-conosco","status":"publish","type":"page","link":"https:\/\/redealis.com.br\/integralis\/trabalhe-conosco\/","title":{"rendered":"Trabalhe Conosco"},"content":{"rendered":"","protected":false},"excerpt":{"rendered":"","protected":false},"author":1,"featured_media":0,"parent":0,"menu_order":0,"comment_status":"closed","ping_status":"closed","template":"","meta":{"_acf_changed":false,"footnotes":""},"class_list":["post-781","page","type-page","status-publish","hentry"],"acf":[],"yoast_head":"<!-- This site is optimized with the Yoast SEO plugin v27.3 - https:\/\/yoast.com\/product\/yoast-seo-wordpress\/ -->\n<title>Trabalhe Conosco | Integr\u00e1lis<\/title>\n<meta name=\"robots\" content=\"index, follow, max-snippet:-1, max-image-preview:large, max-video-preview:-1\" \/>\n<link rel=\"canonical\" href=\"https:\/\/redealis.com.br\/integralis\/trabalhe-conosco\/\" \/>\n<meta property=\"og:locale\" content=\"pt_BR\" \/>\n<meta property=\"og:type\" content=\"article\" \/>\n<meta property=\"og:title\" content=\"Trabalhe Conosco | Integr\u00e1lis\" \/>\n<meta property=\"og:url\" content=\"https:\/\/redealis.com.br\/integralis\/trabalhe-conosco\/\" \/>\n<meta property=\"og:site_name\" content=\"Integr\u00e1lis\" \/>\n<meta property=\"article:publisher\" content=\"https:\/\/www.facebook.com\/integralisbrasil\" \/>\n<meta property=\"og:image\" content=\"https:\/\/redealis.com.br\/integralis\/wp-content\/uploads\/sites\/3\/2023\/08\/logo-integralis-260x64-1.jpg\" \/>\n\t<meta property=\"og:image:width\" content=\"1200\" \/>\n\t<meta property=\"og:image:height\" content=\"675\" \/>\n\t<meta property=\"og:image:type\" content=\"image\/jpeg\" \/>\n<meta name=\"twitter:card\" content=\"summary_large_image\" \/>\n<script type=\"application\/ld+json\" class=\"yoast-schema-graph\">{\"@context\":\"https:\\\/\\\/schema.org\",\"@graph\":[{\"@type\":\"WebPage\",\"@id\":\"https:\\\/\\\/redealis.com.br\\\/integralis\\\/trabalhe-conosco\\\/\",\"url\":\"https:\\\/\\\/redealis.com.br\\\/integralis\\\/trabalhe-conosco\\\/\",\"name\":\"Trabalhe Conosco | Integr\u00e1lis\",\"isPartOf\":{\"@id\":\"https:\\\/\\\/redealis.com.br\\\/integralis\\\/#website\"},\"datePublished\":\"2023-10-06T17:36:26+00:00\",\"breadcrumb\":{\"@id\":\"https:\\\/\\\/redealis.com.br\\\/integralis\\\/trabalhe-conosco\\\/#breadcrumb\"},\"inLanguage\":\"pt-BR\",\"potentialAction\":[{\"@type\":\"ReadAction\",\"target\":[\"https:\\\/\\\/redealis.com.br\\\/integralis\\\/trabalhe-conosco\\\/\"]}]},{\"@type\":\"BreadcrumbList\",\"@id\":\"https:\\\/\\\/redealis.com.br\\\/integralis\\\/trabalhe-conosco\\\/#breadcrumb\",\"itemListElement\":[{\"@type\":\"ListItem\",\"position\":1,\"name\":\"home\",\"item\":\"https:\\\/\\\/redealis.com.br\\\/integralis\\\/\"},{\"@type\":\"ListItem\",\"position\":2,\"name\":\"Trabalhe Conosco\"}]},{\"@type\":\"WebSite\",\"@id\":\"https:\\\/\\\/redealis.com.br\\\/integralis\\\/#website\",\"url\":\"https:\\\/\\\/redealis.com.br\\\/integralis\\\/\",\"name\":\"Integr\u00e1lis\",\"description\":\"\",\"publisher\":{\"@id\":\"https:\\\/\\\/redealis.com.br\\\/integralis\\\/#organization\"},\"alternateName\":\"Integr\u00e1lis\",\"potentialAction\":[{\"@type\":\"SearchAction\",\"target\":{\"@type\":\"EntryPoint\",\"urlTemplate\":\"https:\\\/\\\/redealis.com.br\\\/integralis\\\/?s={search_term_string}\"},\"query-input\":{\"@type\":\"PropertyValueSpecification\",\"valueRequired\":true,\"valueName\":\"search_term_string\"}}],\"inLanguage\":\"pt-BR\"},{\"@type\":\"Organization\",\"@id\":\"https:\\\/\\\/redealis.com.br\\\/integralis\\\/#organization\",\"name\":\"Integr\u00e1lis - Rede \u00c1lis\",\"alternateName\":\"Integr\u00e1lis\",\"url\":\"https:\\\/\\\/redealis.com.br\\\/integralis\\\/\",\"logo\":{\"@type\":\"ImageObject\",\"inLanguage\":\"pt-BR\",\"@id\":\"https:\\\/\\\/redealis.com.br\\\/integralis\\\/#\\\/schema\\\/logo\\\/image\\\/\",\"url\":\"https:\\\/\\\/redealis.com.br\\\/integralis\\\/wp-content\\\/uploads\\\/sites\\\/3\\\/2023\\\/08\\\/layout-logo-alt-1-1.png\",\"contentUrl\":\"https:\\\/\\\/redealis.com.br\\\/integralis\\\/wp-content\\\/uploads\\\/sites\\\/3\\\/2023\\\/08\\\/layout-logo-alt-1-1.png\",\"width\":696,\"height\":696,\"caption\":\"Integr\u00e1lis - Rede \u00c1lis\"},\"image\":{\"@id\":\"https:\\\/\\\/redealis.com.br\\\/integralis\\\/#\\\/schema\\\/logo\\\/image\\\/\"},\"sameAs\":[\"https:\\\/\\\/www.facebook.com\\\/integralisbrasil\",\"https:\\\/\\\/www.instagram.com\\\/integralisbrasil\"]}]}<\/script>\n<!-- \/ Yoast SEO plugin. -->","yoast_head_json":{"title":"Trabalhe Conosco | Integr\u00e1lis","robots":{"index":"index","follow":"follow","max-snippet":"max-snippet:-1","max-image-preview":"max-image-preview:large","max-video-preview":"max-video-preview:-1"},"canonical":"https:\/\/redealis.com.br\/integralis\/trabalhe-conosco\/","og_locale":"pt_BR","og_type":"article","og_title":"Trabalhe Conosco | Integr\u00e1lis","og_url":"https:\/\/redealis.com.br\/integralis\/trabalhe-conosco\/","og_site_name":"Integr\u00e1lis","article_publisher":"https:\/\/www.facebook.com\/integralisbrasil","og_image":[{"width":1200,"height":675,"url":"https:\/\/redealis.com.br\/integralis\/wp-content\/uploads\/sites\/3\/2023\/08\/logo-integralis-260x64-1.jpg","type":"image\/jpeg"}],"twitter_card":"summary_large_image","schema":{"@context":"https:\/\/schema.org","@graph":[{"@type":"WebPage","@id":"https:\/\/redealis.com.br\/integralis\/trabalhe-conosco\/","url":"https:\/\/redealis.com.br\/integralis\/trabalhe-conosco\/","name":"Trabalhe Conosco | Integr\u00e1lis","isPartOf":{"@id":"https:\/\/redealis.com.br\/integralis\/#website"},"datePublished":"2023-10-06T17:36:26+00:00","breadcrumb":{"@id":"https:\/\/redealis.com.br\/integralis\/trabalhe-conosco\/#breadcrumb"},"inLanguage":"pt-BR","potentialAction":[{"@type":"ReadAction","target":["https:\/\/redealis.com.br\/integralis\/trabalhe-conosco\/"]}]},{"@type":"BreadcrumbList","@id":"https:\/\/redealis.com.br\/integralis\/trabalhe-conosco\/#breadcrumb","itemListElement":[{"@type":"ListItem","position":1,"name":"home","item":"https:\/\/redealis.com.br\/integralis\/"},{"@type":"ListItem","position":2,"name":"Trabalhe Conosco"}]},{"@type":"WebSite","@id":"https:\/\/redealis.com.br\/integralis\/#website","url":"https:\/\/redealis.com.br\/integralis\/","name":"Integr\u00e1lis","description":"","publisher":{"@id":"https:\/\/redealis.com.br\/integralis\/#organization"},"alternateName":"Integr\u00e1lis","potentialAction":[{"@type":"SearchAction","target":{"@type":"EntryPoint","urlTemplate":"https:\/\/redealis.com.br\/integralis\/?s={search_term_string}"},"query-input":{"@type":"PropertyValueSpecification","valueRequired":true,"valueName":"search_term_string"}}],"inLanguage":"pt-BR"},{"@type":"Organization","@id":"https:\/\/redealis.com.br\/integralis\/#organization","name":"Integr\u00e1lis - Rede \u00c1lis","alternateName":"Integr\u00e1lis","url":"https:\/\/redealis.com.br\/integralis\/","logo":{"@type":"ImageObject","inLanguage":"pt-BR","@id":"https:\/\/redealis.com.br\/integralis\/#\/schema\/logo\/image\/","url":"https:\/\/redealis.com.br\/integralis\/wp-content\/uploads\/sites\/3\/2023\/08\/layout-logo-alt-1-1.png","contentUrl":"https:\/\/redealis.com.br\/integralis\/wp-content\/uploads\/sites\/3\/2023\/08\/layout-logo-alt-1-1.png","width":696,"height":696,"caption":"Integr\u00e1lis - Rede \u00c1lis"},"image":{"@id":"https:\/\/redealis.com.br\/integralis\/#\/schema\/logo\/image\/"},"sameAs":["https:\/\/www.facebook.com\/integralisbrasil","https:\/\/www.instagram.com\/integralisbrasil"]}]}},"_links":{"self":[{"href":"https:\/\/redealis.com.br\/integralis\/wp-json\/wp\/v2\/pages\/781","targetHints":{"allow":["GET"]}}],"collection":[{"href":"https:\/\/redealis.com.br\/integralis\/wp-json\/wp\/v2\/pages"}],"about":[{"href":"https:\/\/redealis.com.br\/integralis\/wp-json\/wp\/v2\/types\/page"}],"author":[{"embeddable":true,"href":"https:\/\/redealis.com.br\/integralis\/wp-json\/wp\/v2\/users\/1"}],"replies":[{"embeddable":true,"href":"https:\/\/redealis.com.br\/integralis\/wp-json\/wp\/v2\/comments?post=781"}],"version-history":[{"count":1,"href":"https:\/\/redealis.com.br\/integralis\/wp-json\/wp\/v2\/pages\/781\/revisions"}],"predecessor-version":[{"id":782,"href":"https:\/\/redealis.com.br\/integralis\/wp-json\/wp\/v2\/pages\/781\/revisions\/782"}],"wp:attachment":[{"href":"https:\/\/redealis.com.br\/integralis\/wp-json\/wp\/v2\/media?parent=781"}],"curies":[{"name":"wp","href":"https:\/\/api.w.org\/{rel}","templated":true}]}}