{"id":325,"date":"2023-05-29T17:37:31","date_gmt":"2023-05-29T20:37:31","guid":{"rendered":"https:\/\/redealis.com.br\/?page_id=325"},"modified":"2023-08-01T14:15:29","modified_gmt":"2023-08-01T17:15:29","slug":"pagina-padrao","status":"publish","type":"page","link":"https:\/\/redealis.com.br\/imunoalis\/pagina-padrao\/","title":{"rendered":"P\u00e1gina padr\u00e3o"},"content":{"rendered":"<h1>H1. Cuide bem da sua sa\u00fade<\/h1>\n<h2>H2. Cuide bem da sua sa\u00fade<\/h2>\n<h3>H3. Desde 1939 tratando doen\u00e7as al\u00e9rgicas<\/h3>\n<p>Curabitur pharetra tellus nec dolor cursus vehicula. Cras ultrices eros magna, vitae vestibulum ante gravida ut. Aliquam et leo quis risus feugiat mattis vitae quis purus. Sed nibh est, tempus id ultrices nec, elementum laoreet dolor.<\/p>\n<p>Aenean porttitor fermentum mauris id egestas. Pellentesque rutrum <a href=\"https:\/\/iwwa.com.br\/\" target=\"_blank\" rel=\"noopener\">quam ante, at mollis lacus porta et<\/a>. Vestibulum eget urna non quam scelerisque eleifend.Curabitur pharetra tellus nec dolor cursus vehicula. Cras ultrices eros magna, vitae vestibulum ante gravida ut. Aliquam et leo quis risus feugiat mattis vitae quis purus. Sed nibh est, tempus id ultrices nec, elementum laoreet dolor.<\/p>\n<p>Aenean porttitor fermentum mauris id egestas. Pellentesque rutrum quam ante, at mollis lacus porta et. Vestibulum eget urna non quam scelerisque eleifend.Curabitur pharetra tellus nec dolor cursus vehicula. Cras ultrices eros magna, vitae vestibulum ante gravida ut. Aliquam et leo quis risus feugiat mattis vitae quis purus. Sed nibh est, tempus id ultrices nec, elementum laoreet dolor. Aenean porttitor fermentum mauris id egestas. Pellentesque rutrum quam ante, at mollis lacus porta et. Vestibulum eget urna non quam scelerisque eleifend.<\/p>\n","protected":false},"excerpt":{"rendered":"<p>Lorem ipsum dolor sit amet, consectetur adipiscing elit. Donec maximus risus ut turpis euismod, sed vehicula nisi efficitur. Pellentesque habitant.<\/p>\n","protected":false},"author":1,"featured_media":366,"parent":0,"menu_order":0,"comment_status":"closed","ping_status":"closed","template":"modelo-padrao.php","meta":{"_acf_changed":false,"footnotes":""},"class_list":["post-325","page","type-page","status-publish","has-post-thumbnail","hentry"],"acf":[],"yoast_head":"<!-- This site is optimized with the Yoast SEO plugin v27.3 - https:\/\/yoast.com\/product\/yoast-seo-wordpress\/ -->\n<title>P\u00e1gina padr\u00e3o | Imuno\u00e1lis<\/title>\n<meta name=\"robots\" content=\"index, follow, max-snippet:-1, max-image-preview:large, max-video-preview:-1\" \/>\n<link rel=\"canonical\" href=\"https:\/\/redealis.com.br\/imunoalis\/pagina-padrao\/\" \/>\n<meta property=\"og:locale\" content=\"pt_BR\" \/>\n<meta property=\"og:type\" content=\"article\" \/>\n<meta property=\"og:title\" content=\"P\u00e1gina padr\u00e3o | Imuno\u00e1lis\" \/>\n<meta property=\"og:description\" content=\"Lorem ipsum dolor sit amet, consectetur adipiscing elit. Donec maximus risus ut turpis euismod, sed vehicula nisi efficitur. Pellentesque habitant.\" \/>\n<meta property=\"og:url\" content=\"https:\/\/redealis.com.br\/imunoalis\/pagina-padrao\/\" \/>\n<meta property=\"og:site_name\" content=\"Imuno\u00e1lis\" \/>\n<meta property=\"article:publisher\" content=\"https:\/\/www.facebook.com\/imunoalisbrasil\" \/>\n<meta property=\"article:modified_time\" content=\"2023-08-01T17:15:29+00:00\" \/>\n<meta property=\"og:image\" content=\"https:\/\/redealis.com.br\/imunoalis\/wp-content\/uploads\/sites\/2\/2023\/05\/banner-pagina.webp\" \/>\n\t<meta property=\"og:image:width\" content=\"1214\" \/>\n\t<meta property=\"og:image:height\" content=\"524\" \/>\n\t<meta property=\"og:image:type\" content=\"image\/webp\" \/>\n<meta name=\"twitter:card\" content=\"summary_large_image\" \/>\n<meta name=\"twitter:label1\" content=\"Est. tempo de leitura\" \/>\n\t<meta name=\"twitter:data1\" content=\"2 minutos\" \/>\n<script type=\"application\/ld+json\" class=\"yoast-schema-graph\">{\"@context\":\"https:\\\/\\\/schema.org\",\"@graph\":[{\"@type\":\"WebPage\",\"@id\":\"https:\\\/\\\/redealis.com.br\\\/imunoalis\\\/pagina-padrao\\\/\",\"url\":\"https:\\\/\\\/redealis.com.br\\\/imunoalis\\\/pagina-padrao\\\/\",\"name\":\"P\u00e1gina padr\u00e3o | Imuno\u00e1lis\",\"isPartOf\":{\"@id\":\"https:\\\/\\\/redealis.com.br\\\/imunoalis\\\/#website\"},\"primaryImageOfPage\":{\"@id\":\"https:\\\/\\\/redealis.com.br\\\/imunoalis\\\/pagina-padrao\\\/#primaryimage\"},\"image\":{\"@id\":\"https:\\\/\\\/redealis.com.br\\\/imunoalis\\\/pagina-padrao\\\/#primaryimage\"},\"thumbnailUrl\":\"https:\\\/\\\/redealis.com.br\\\/imunoalis\\\/wp-content\\\/uploads\\\/sites\\\/2\\\/2023\\\/05\\\/banner-pagina.webp\",\"datePublished\":\"2023-05-29T20:37:31+00:00\",\"dateModified\":\"2023-08-01T17:15:29+00:00\",\"breadcrumb\":{\"@id\":\"https:\\\/\\\/redealis.com.br\\\/imunoalis\\\/pagina-padrao\\\/#breadcrumb\"},\"inLanguage\":\"pt-BR\",\"potentialAction\":[{\"@type\":\"ReadAction\",\"target\":[\"https:\\\/\\\/redealis.com.br\\\/imunoalis\\\/pagina-padrao\\\/\"]}]},{\"@type\":\"ImageObject\",\"inLanguage\":\"pt-BR\",\"@id\":\"https:\\\/\\\/redealis.com.br\\\/imunoalis\\\/pagina-padrao\\\/#primaryimage\",\"url\":\"https:\\\/\\\/redealis.com.br\\\/imunoalis\\\/wp-content\\\/uploads\\\/sites\\\/2\\\/2023\\\/05\\\/banner-pagina.webp\",\"contentUrl\":\"https:\\\/\\\/redealis.com.br\\\/imunoalis\\\/wp-content\\\/uploads\\\/sites\\\/2\\\/2023\\\/05\\\/banner-pagina.webp\",\"width\":1214,\"height\":524},{\"@type\":\"BreadcrumbList\",\"@id\":\"https:\\\/\\\/redealis.com.br\\\/imunoalis\\\/pagina-padrao\\\/#breadcrumb\",\"itemListElement\":[{\"@type\":\"ListItem\",\"position\":1,\"name\":\"home\",\"item\":\"https:\\\/\\\/redealis.com.br\\\/imunoalis\\\/\"},{\"@type\":\"ListItem\",\"position\":2,\"name\":\"P\u00e1gina padr\u00e3o\"}]},{\"@type\":\"WebSite\",\"@id\":\"https:\\\/\\\/redealis.com.br\\\/imunoalis\\\/#website\",\"url\":\"https:\\\/\\\/redealis.com.br\\\/imunoalis\\\/\",\"name\":\"Imuno\u00e1lis\",\"description\":\"\",\"publisher\":{\"@id\":\"https:\\\/\\\/redealis.com.br\\\/imunoalis\\\/#organization\"},\"alternateName\":\"Imuno\u00e1lis\",\"potentialAction\":[{\"@type\":\"SearchAction\",\"target\":{\"@type\":\"EntryPoint\",\"urlTemplate\":\"https:\\\/\\\/redealis.com.br\\\/imunoalis\\\/?s={search_term_string}\"},\"query-input\":{\"@type\":\"PropertyValueSpecification\",\"valueRequired\":true,\"valueName\":\"search_term_string\"}}],\"inLanguage\":\"pt-BR\"},{\"@type\":\"Organization\",\"@id\":\"https:\\\/\\\/redealis.com.br\\\/imunoalis\\\/#organization\",\"name\":\"Imuno\u00e1lis - Rede \u00c1lis\",\"alternateName\":\"Imuno\u00e1lis\",\"url\":\"https:\\\/\\\/redealis.com.br\\\/imunoalis\\\/\",\"logo\":{\"@type\":\"ImageObject\",\"inLanguage\":\"pt-BR\",\"@id\":\"https:\\\/\\\/redealis.com.br\\\/imunoalis\\\/#\\\/schema\\\/logo\\\/image\\\/\",\"url\":\"https:\\\/\\\/redealis.com.br\\\/imunoalis\\\/wp-content\\\/uploads\\\/sites\\\/2\\\/2023\\\/08\\\/layout-logo-alt-1.png\",\"contentUrl\":\"https:\\\/\\\/redealis.com.br\\\/imunoalis\\\/wp-content\\\/uploads\\\/sites\\\/2\\\/2023\\\/08\\\/layout-logo-alt-1.png\",\"width\":696,\"height\":696,\"caption\":\"Imuno\u00e1lis - Rede \u00c1lis\"},\"image\":{\"@id\":\"https:\\\/\\\/redealis.com.br\\\/imunoalis\\\/#\\\/schema\\\/logo\\\/image\\\/\"},\"sameAs\":[\"https:\\\/\\\/www.facebook.com\\\/imunoalisbrasil\",\"https:\\\/\\\/www.instagram.com\\\/imunoalisbrasil\\\/\"]}]}<\/script>\n<!-- \/ Yoast SEO plugin. -->","yoast_head_json":{"title":"P\u00e1gina padr\u00e3o | Imuno\u00e1lis","robots":{"index":"index","follow":"follow","max-snippet":"max-snippet:-1","max-image-preview":"max-image-preview:large","max-video-preview":"max-video-preview:-1"},"canonical":"https:\/\/redealis.com.br\/imunoalis\/pagina-padrao\/","og_locale":"pt_BR","og_type":"article","og_title":"P\u00e1gina padr\u00e3o | Imuno\u00e1lis","og_description":"Lorem ipsum dolor sit amet, consectetur adipiscing elit. Donec maximus risus ut turpis euismod, sed vehicula nisi efficitur. Pellentesque habitant.","og_url":"https:\/\/redealis.com.br\/imunoalis\/pagina-padrao\/","og_site_name":"Imuno\u00e1lis","article_publisher":"https:\/\/www.facebook.com\/imunoalisbrasil","article_modified_time":"2023-08-01T17:15:29+00:00","og_image":[{"width":1214,"height":524,"url":"https:\/\/redealis.com.br\/imunoalis\/wp-content\/uploads\/sites\/2\/2023\/05\/banner-pagina.webp","type":"image\/webp"}],"twitter_card":"summary_large_image","twitter_misc":{"Est. tempo de leitura":"2 minutos"},"schema":{"@context":"https:\/\/schema.org","@graph":[{"@type":"WebPage","@id":"https:\/\/redealis.com.br\/imunoalis\/pagina-padrao\/","url":"https:\/\/redealis.com.br\/imunoalis\/pagina-padrao\/","name":"P\u00e1gina padr\u00e3o | Imuno\u00e1lis","isPartOf":{"@id":"https:\/\/redealis.com.br\/imunoalis\/#website"},"primaryImageOfPage":{"@id":"https:\/\/redealis.com.br\/imunoalis\/pagina-padrao\/#primaryimage"},"image":{"@id":"https:\/\/redealis.com.br\/imunoalis\/pagina-padrao\/#primaryimage"},"thumbnailUrl":"https:\/\/redealis.com.br\/imunoalis\/wp-content\/uploads\/sites\/2\/2023\/05\/banner-pagina.webp","datePublished":"2023-05-29T20:37:31+00:00","dateModified":"2023-08-01T17:15:29+00:00","breadcrumb":{"@id":"https:\/\/redealis.com.br\/imunoalis\/pagina-padrao\/#breadcrumb"},"inLanguage":"pt-BR","potentialAction":[{"@type":"ReadAction","target":["https:\/\/redealis.com.br\/imunoalis\/pagina-padrao\/"]}]},{"@type":"ImageObject","inLanguage":"pt-BR","@id":"https:\/\/redealis.com.br\/imunoalis\/pagina-padrao\/#primaryimage","url":"https:\/\/redealis.com.br\/imunoalis\/wp-content\/uploads\/sites\/2\/2023\/05\/banner-pagina.webp","contentUrl":"https:\/\/redealis.com.br\/imunoalis\/wp-content\/uploads\/sites\/2\/2023\/05\/banner-pagina.webp","width":1214,"height":524},{"@type":"BreadcrumbList","@id":"https:\/\/redealis.com.br\/imunoalis\/pagina-padrao\/#breadcrumb","itemListElement":[{"@type":"ListItem","position":1,"name":"home","item":"https:\/\/redealis.com.br\/imunoalis\/"},{"@type":"ListItem","position":2,"name":"P\u00e1gina padr\u00e3o"}]},{"@type":"WebSite","@id":"https:\/\/redealis.com.br\/imunoalis\/#website","url":"https:\/\/redealis.com.br\/imunoalis\/","name":"Imuno\u00e1lis","description":"","publisher":{"@id":"https:\/\/redealis.com.br\/imunoalis\/#organization"},"alternateName":"Imuno\u00e1lis","potentialAction":[{"@type":"SearchAction","target":{"@type":"EntryPoint","urlTemplate":"https:\/\/redealis.com.br\/imunoalis\/?s={search_term_string}"},"query-input":{"@type":"PropertyValueSpecification","valueRequired":true,"valueName":"search_term_string"}}],"inLanguage":"pt-BR"},{"@type":"Organization","@id":"https:\/\/redealis.com.br\/imunoalis\/#organization","name":"Imuno\u00e1lis - Rede \u00c1lis","alternateName":"Imuno\u00e1lis","url":"https:\/\/redealis.com.br\/imunoalis\/","logo":{"@type":"ImageObject","inLanguage":"pt-BR","@id":"https:\/\/redealis.com.br\/imunoalis\/#\/schema\/logo\/image\/","url":"https:\/\/redealis.com.br\/imunoalis\/wp-content\/uploads\/sites\/2\/2023\/08\/layout-logo-alt-1.png","contentUrl":"https:\/\/redealis.com.br\/imunoalis\/wp-content\/uploads\/sites\/2\/2023\/08\/layout-logo-alt-1.png","width":696,"height":696,"caption":"Imuno\u00e1lis - Rede \u00c1lis"},"image":{"@id":"https:\/\/redealis.com.br\/imunoalis\/#\/schema\/logo\/image\/"},"sameAs":["https:\/\/www.facebook.com\/imunoalisbrasil","https:\/\/www.instagram.com\/imunoalisbrasil\/"]}]}},"_links":{"self":[{"href":"https:\/\/redealis.com.br\/imunoalis\/wp-json\/wp\/v2\/pages\/325","targetHints":{"allow":["GET"]}}],"collection":[{"href":"https:\/\/redealis.com.br\/imunoalis\/wp-json\/wp\/v2\/pages"}],"about":[{"href":"https:\/\/redealis.com.br\/imunoalis\/wp-json\/wp\/v2\/types\/page"}],"author":[{"embeddable":true,"href":"https:\/\/redealis.com.br\/imunoalis\/wp-json\/wp\/v2\/users\/1"}],"replies":[{"embeddable":true,"href":"https:\/\/redealis.com.br\/imunoalis\/wp-json\/wp\/v2\/comments?post=325"}],"version-history":[{"count":2,"href":"https:\/\/redealis.com.br\/imunoalis\/wp-json\/wp\/v2\/pages\/325\/revisions"}],"predecessor-version":[{"id":736,"href":"https:\/\/redealis.com.br\/imunoalis\/wp-json\/wp\/v2\/pages\/325\/revisions\/736"}],"wp:featuredmedia":[{"embeddable":true,"href":"https:\/\/redealis.com.br\/imunoalis\/wp-json\/wp\/v2\/media\/366"}],"wp:attachment":[{"href":"https:\/\/redealis.com.br\/imunoalis\/wp-json\/wp\/v2\/media?parent=325"}],"curies":[{"name":"wp","href":"https:\/\/api.w.org\/{rel}","templated":true}]}}