{"id":12,"date":"2023-06-07T09:22:43","date_gmt":"2023-06-07T12:22:43","guid":{"rendered":"https:\/\/redealis.com.br\/imunoalis\/?page_id=12"},"modified":"2024-07-31T13:17:19","modified_gmt":"2024-07-31T16:17:19","slug":"sobre","status":"publish","type":"page","link":"https:\/\/redealis.com.br\/imunoalis\/sobre\/","title":{"rendered":"Sobre"},"content":{"rendered":"<p>Miss\u00e3o<\/p>\n<p>1. Excel\u00eancia no Atendimento: Fornecer servi\u00e7os de sa\u00fade HUMANIZADOS<br \/>\nexcepcionais, garantindo a satisfa\u00e7\u00e3o do paciente e seus familiares por meio<br \/>\nde protocolos eficazes, efici\u00eancia no atendimento, tecnologias de ponta e um<br \/>\nambiente acolhedor;<\/p>\n<p>2. Expans\u00e3o da Rede: Crescer de forma estrat\u00e9gica, identificando novas<br \/>\nlocaliza\u00e7\u00f5es para unidades e ampliando os servi\u00e7os para atender \u00e0<br \/>\ncrescente demanda, com alta qualidade;<\/p>\n<p>3. Gest\u00e3o Financeira: Conscientiza\u00e7\u00e3o do uso dos recursos, mantendo um<br \/>\nrigoroso controle de custos, otimizando processos internos e assegurando<br \/>\num fluxo de caixa positivo para sustentar a expans\u00e3o e inova\u00e7\u00e3o;<\/p>\n<p>4. Ambiente Profissional Gratificante: Fomentar um ambiente HUMANIZADO<br \/>\nde crescimento para m\u00e9dicos, terapeutas e colaboradores, incentivando o<br \/>\ndesenvolvimento profissional, investindo em treinamentos e reconhecendo o<br \/>\ntalento e a dedica\u00e7\u00e3o.<\/p>\n<p>Valores<\/p>\n<p>Foco nas Pessoas (Colaboradores, Pacientes e seus Familiares)<br \/>\nInova\u00e7\u00e3o<br \/>\nHumaniza\u00e7\u00e3o<br \/>\nCompet\u00eancia T\u00e9cnica<br \/>\nRespeito M\u00fatuo<br \/>\nMeritocracia\/Reconhecimento<br \/>\nDisciplina<\/p>\n","protected":false},"excerpt":{"rendered":"<p>Miss\u00e3o 1. Excel\u00eancia no Atendimento: Fornecer servi\u00e7os de sa\u00fade HUMANIZADOS excepcionais, garantindo a satisfa\u00e7\u00e3o do paciente e seus familiares por meio de protocolos eficazes, efici\u00eancia no atendimento, tecnologias de ponta e um ambiente acolhedor; 2. Expans\u00e3o da Rede: Crescer de forma estrat\u00e9gica, identificando novas localiza\u00e7\u00f5es para unidades e ampliando os servi\u00e7os para atender \u00e0 crescente [&hellip;]<\/p>\n","protected":false},"author":1,"featured_media":21,"parent":0,"menu_order":0,"comment_status":"closed","ping_status":"closed","template":"modelo-padrao.php","meta":{"_acf_changed":false,"footnotes":""},"class_list":["post-12","page","type-page","status-publish","has-post-thumbnail","hentry"],"acf":[],"yoast_head":"<!-- This site is optimized with the Yoast SEO plugin v27.3 - https:\/\/yoast.com\/product\/yoast-seo-wordpress\/ -->\n<title>Sobre | Imuno\u00e1lis<\/title>\n<meta name=\"description\" content=\"A IMUNO\u00c1LIS realizamos atendimento ambulatorial completo s. Movidos pelo cuidado para promover sa\u00fade com acolhimento, respeito e confian\u00e7a..\" \/>\n<meta name=\"robots\" content=\"index, follow, max-snippet:-1, max-image-preview:large, max-video-preview:-1\" \/>\n<link rel=\"canonical\" href=\"https:\/\/redealis.com.br\/imunoalis\/sobre\/\" \/>\n<meta property=\"og:locale\" content=\"pt_BR\" \/>\n<meta property=\"og:type\" content=\"article\" \/>\n<meta property=\"og:title\" content=\"Sobre | Imuno\u00e1lis\" \/>\n<meta property=\"og:description\" content=\"A IMUNO\u00c1LIS realizamos atendimento ambulatorial completo s. Movidos pelo cuidado para promover sa\u00fade com acolhimento, respeito e confian\u00e7a..\" \/>\n<meta property=\"og:url\" content=\"https:\/\/redealis.com.br\/imunoalis\/sobre\/\" \/>\n<meta property=\"og:site_name\" content=\"Imuno\u00e1lis\" \/>\n<meta property=\"article:publisher\" content=\"https:\/\/www.facebook.com\/imunoalisbrasil\" \/>\n<meta property=\"article:modified_time\" content=\"2024-07-31T16:17:19+00:00\" \/>\n<meta property=\"og:image\" content=\"https:\/\/redealis.com.br\/imunoalis\/wp-content\/uploads\/sites\/2\/2023\/06\/banner-sobre.webp\" \/>\n\t<meta property=\"og:image:width\" content=\"1214\" \/>\n\t<meta property=\"og:image:height\" content=\"660\" \/>\n\t<meta property=\"og:image:type\" content=\"image\/webp\" \/>\n<meta name=\"twitter:card\" content=\"summary_large_image\" \/>\n<meta name=\"twitter:label1\" content=\"Est. tempo de leitura\" \/>\n\t<meta name=\"twitter:data1\" content=\"1 minuto\" \/>\n<script type=\"application\/ld+json\" class=\"yoast-schema-graph\">{\"@context\":\"https:\\\/\\\/schema.org\",\"@graph\":[{\"@type\":\"WebPage\",\"@id\":\"https:\\\/\\\/redealis.com.br\\\/imunoalis\\\/sobre\\\/\",\"url\":\"https:\\\/\\\/redealis.com.br\\\/imunoalis\\\/sobre\\\/\",\"name\":\"Sobre | Imuno\u00e1lis\",\"isPartOf\":{\"@id\":\"https:\\\/\\\/redealis.com.br\\\/imunoalis\\\/#website\"},\"primaryImageOfPage\":{\"@id\":\"https:\\\/\\\/redealis.com.br\\\/imunoalis\\\/sobre\\\/#primaryimage\"},\"image\":{\"@id\":\"https:\\\/\\\/redealis.com.br\\\/imunoalis\\\/sobre\\\/#primaryimage\"},\"thumbnailUrl\":\"https:\\\/\\\/redealis.com.br\\\/imunoalis\\\/wp-content\\\/uploads\\\/sites\\\/2\\\/2023\\\/06\\\/banner-sobre.webp\",\"datePublished\":\"2023-06-07T12:22:43+00:00\",\"dateModified\":\"2024-07-31T16:17:19+00:00\",\"description\":\"A IMUNO\u00c1LIS realizamos atendimento ambulatorial completo s. Movidos pelo cuidado para promover sa\u00fade com acolhimento, respeito e confian\u00e7a..\",\"breadcrumb\":{\"@id\":\"https:\\\/\\\/redealis.com.br\\\/imunoalis\\\/sobre\\\/#breadcrumb\"},\"inLanguage\":\"pt-BR\",\"potentialAction\":[{\"@type\":\"ReadAction\",\"target\":[\"https:\\\/\\\/redealis.com.br\\\/imunoalis\\\/sobre\\\/\"]}]},{\"@type\":\"ImageObject\",\"inLanguage\":\"pt-BR\",\"@id\":\"https:\\\/\\\/redealis.com.br\\\/imunoalis\\\/sobre\\\/#primaryimage\",\"url\":\"https:\\\/\\\/redealis.com.br\\\/imunoalis\\\/wp-content\\\/uploads\\\/sites\\\/2\\\/2023\\\/06\\\/banner-sobre.webp\",\"contentUrl\":\"https:\\\/\\\/redealis.com.br\\\/imunoalis\\\/wp-content\\\/uploads\\\/sites\\\/2\\\/2023\\\/06\\\/banner-sobre.webp\",\"width\":1214,\"height\":660},{\"@type\":\"BreadcrumbList\",\"@id\":\"https:\\\/\\\/redealis.com.br\\\/imunoalis\\\/sobre\\\/#breadcrumb\",\"itemListElement\":[{\"@type\":\"ListItem\",\"position\":1,\"name\":\"home\",\"item\":\"https:\\\/\\\/redealis.com.br\\\/imunoalis\\\/\"},{\"@type\":\"ListItem\",\"position\":2,\"name\":\"Sobre\"}]},{\"@type\":\"WebSite\",\"@id\":\"https:\\\/\\\/redealis.com.br\\\/imunoalis\\\/#website\",\"url\":\"https:\\\/\\\/redealis.com.br\\\/imunoalis\\\/\",\"name\":\"Imuno\u00e1lis\",\"description\":\"\",\"publisher\":{\"@id\":\"https:\\\/\\\/redealis.com.br\\\/imunoalis\\\/#organization\"},\"alternateName\":\"Imuno\u00e1lis\",\"potentialAction\":[{\"@type\":\"SearchAction\",\"target\":{\"@type\":\"EntryPoint\",\"urlTemplate\":\"https:\\\/\\\/redealis.com.br\\\/imunoalis\\\/?s={search_term_string}\"},\"query-input\":{\"@type\":\"PropertyValueSpecification\",\"valueRequired\":true,\"valueName\":\"search_term_string\"}}],\"inLanguage\":\"pt-BR\"},{\"@type\":\"Organization\",\"@id\":\"https:\\\/\\\/redealis.com.br\\\/imunoalis\\\/#organization\",\"name\":\"Imuno\u00e1lis - Rede \u00c1lis\",\"alternateName\":\"Imuno\u00e1lis\",\"url\":\"https:\\\/\\\/redealis.com.br\\\/imunoalis\\\/\",\"logo\":{\"@type\":\"ImageObject\",\"inLanguage\":\"pt-BR\",\"@id\":\"https:\\\/\\\/redealis.com.br\\\/imunoalis\\\/#\\\/schema\\\/logo\\\/image\\\/\",\"url\":\"https:\\\/\\\/redealis.com.br\\\/imunoalis\\\/wp-content\\\/uploads\\\/sites\\\/2\\\/2023\\\/08\\\/layout-logo-alt-1.png\",\"contentUrl\":\"https:\\\/\\\/redealis.com.br\\\/imunoalis\\\/wp-content\\\/uploads\\\/sites\\\/2\\\/2023\\\/08\\\/layout-logo-alt-1.png\",\"width\":696,\"height\":696,\"caption\":\"Imuno\u00e1lis - Rede \u00c1lis\"},\"image\":{\"@id\":\"https:\\\/\\\/redealis.com.br\\\/imunoalis\\\/#\\\/schema\\\/logo\\\/image\\\/\"},\"sameAs\":[\"https:\\\/\\\/www.facebook.com\\\/imunoalisbrasil\",\"https:\\\/\\\/www.instagram.com\\\/imunoalisbrasil\\\/\"]}]}<\/script>\n<!-- \/ Yoast SEO plugin. -->","yoast_head_json":{"title":"Sobre | Imuno\u00e1lis","description":"A IMUNO\u00c1LIS realizamos atendimento ambulatorial completo s. Movidos pelo cuidado para promover sa\u00fade com acolhimento, respeito e confian\u00e7a..","robots":{"index":"index","follow":"follow","max-snippet":"max-snippet:-1","max-image-preview":"max-image-preview:large","max-video-preview":"max-video-preview:-1"},"canonical":"https:\/\/redealis.com.br\/imunoalis\/sobre\/","og_locale":"pt_BR","og_type":"article","og_title":"Sobre | Imuno\u00e1lis","og_description":"A IMUNO\u00c1LIS realizamos atendimento ambulatorial completo s. Movidos pelo cuidado para promover sa\u00fade com acolhimento, respeito e confian\u00e7a..","og_url":"https:\/\/redealis.com.br\/imunoalis\/sobre\/","og_site_name":"Imuno\u00e1lis","article_publisher":"https:\/\/www.facebook.com\/imunoalisbrasil","article_modified_time":"2024-07-31T16:17:19+00:00","og_image":[{"width":1214,"height":660,"url":"https:\/\/redealis.com.br\/imunoalis\/wp-content\/uploads\/sites\/2\/2023\/06\/banner-sobre.webp","type":"image\/webp"}],"twitter_card":"summary_large_image","twitter_misc":{"Est. tempo de leitura":"1 minuto"},"schema":{"@context":"https:\/\/schema.org","@graph":[{"@type":"WebPage","@id":"https:\/\/redealis.com.br\/imunoalis\/sobre\/","url":"https:\/\/redealis.com.br\/imunoalis\/sobre\/","name":"Sobre | Imuno\u00e1lis","isPartOf":{"@id":"https:\/\/redealis.com.br\/imunoalis\/#website"},"primaryImageOfPage":{"@id":"https:\/\/redealis.com.br\/imunoalis\/sobre\/#primaryimage"},"image":{"@id":"https:\/\/redealis.com.br\/imunoalis\/sobre\/#primaryimage"},"thumbnailUrl":"https:\/\/redealis.com.br\/imunoalis\/wp-content\/uploads\/sites\/2\/2023\/06\/banner-sobre.webp","datePublished":"2023-06-07T12:22:43+00:00","dateModified":"2024-07-31T16:17:19+00:00","description":"A IMUNO\u00c1LIS realizamos atendimento ambulatorial completo s. Movidos pelo cuidado para promover sa\u00fade com acolhimento, respeito e confian\u00e7a..","breadcrumb":{"@id":"https:\/\/redealis.com.br\/imunoalis\/sobre\/#breadcrumb"},"inLanguage":"pt-BR","potentialAction":[{"@type":"ReadAction","target":["https:\/\/redealis.com.br\/imunoalis\/sobre\/"]}]},{"@type":"ImageObject","inLanguage":"pt-BR","@id":"https:\/\/redealis.com.br\/imunoalis\/sobre\/#primaryimage","url":"https:\/\/redealis.com.br\/imunoalis\/wp-content\/uploads\/sites\/2\/2023\/06\/banner-sobre.webp","contentUrl":"https:\/\/redealis.com.br\/imunoalis\/wp-content\/uploads\/sites\/2\/2023\/06\/banner-sobre.webp","width":1214,"height":660},{"@type":"BreadcrumbList","@id":"https:\/\/redealis.com.br\/imunoalis\/sobre\/#breadcrumb","itemListElement":[{"@type":"ListItem","position":1,"name":"home","item":"https:\/\/redealis.com.br\/imunoalis\/"},{"@type":"ListItem","position":2,"name":"Sobre"}]},{"@type":"WebSite","@id":"https:\/\/redealis.com.br\/imunoalis\/#website","url":"https:\/\/redealis.com.br\/imunoalis\/","name":"Imuno\u00e1lis","description":"","publisher":{"@id":"https:\/\/redealis.com.br\/imunoalis\/#organization"},"alternateName":"Imuno\u00e1lis","potentialAction":[{"@type":"SearchAction","target":{"@type":"EntryPoint","urlTemplate":"https:\/\/redealis.com.br\/imunoalis\/?s={search_term_string}"},"query-input":{"@type":"PropertyValueSpecification","valueRequired":true,"valueName":"search_term_string"}}],"inLanguage":"pt-BR"},{"@type":"Organization","@id":"https:\/\/redealis.com.br\/imunoalis\/#organization","name":"Imuno\u00e1lis - Rede \u00c1lis","alternateName":"Imuno\u00e1lis","url":"https:\/\/redealis.com.br\/imunoalis\/","logo":{"@type":"ImageObject","inLanguage":"pt-BR","@id":"https:\/\/redealis.com.br\/imunoalis\/#\/schema\/logo\/image\/","url":"https:\/\/redealis.com.br\/imunoalis\/wp-content\/uploads\/sites\/2\/2023\/08\/layout-logo-alt-1.png","contentUrl":"https:\/\/redealis.com.br\/imunoalis\/wp-content\/uploads\/sites\/2\/2023\/08\/layout-logo-alt-1.png","width":696,"height":696,"caption":"Imuno\u00e1lis - Rede \u00c1lis"},"image":{"@id":"https:\/\/redealis.com.br\/imunoalis\/#\/schema\/logo\/image\/"},"sameAs":["https:\/\/www.facebook.com\/imunoalisbrasil","https:\/\/www.instagram.com\/imunoalisbrasil\/"]}]}},"_links":{"self":[{"href":"https:\/\/redealis.com.br\/imunoalis\/wp-json\/wp\/v2\/pages\/12","targetHints":{"allow":["GET"]}}],"collection":[{"href":"https:\/\/redealis.com.br\/imunoalis\/wp-json\/wp\/v2\/pages"}],"about":[{"href":"https:\/\/redealis.com.br\/imunoalis\/wp-json\/wp\/v2\/types\/page"}],"author":[{"embeddable":true,"href":"https:\/\/redealis.com.br\/imunoalis\/wp-json\/wp\/v2\/users\/1"}],"replies":[{"embeddable":true,"href":"https:\/\/redealis.com.br\/imunoalis\/wp-json\/wp\/v2\/comments?post=12"}],"version-history":[{"count":15,"href":"https:\/\/redealis.com.br\/imunoalis\/wp-json\/wp\/v2\/pages\/12\/revisions"}],"predecessor-version":[{"id":1360,"href":"https:\/\/redealis.com.br\/imunoalis\/wp-json\/wp\/v2\/pages\/12\/revisions\/1360"}],"wp:featuredmedia":[{"embeddable":true,"href":"https:\/\/redealis.com.br\/imunoalis\/wp-json\/wp\/v2\/media\/21"}],"wp:attachment":[{"href":"https:\/\/redealis.com.br\/imunoalis\/wp-json\/wp\/v2\/media?parent=12"}],"curies":[{"name":"wp","href":"https:\/\/api.w.org\/{rel}","templated":true}]}}